{"id":4336,"date":"2019-06-10T15:50:41","date_gmt":"2019-06-10T15:50:41","guid":{"rendered":"http:\/\/visitcastelliromani.valica.it\/?page_id=4336"},"modified":"2020-01-14T14:47:53","modified_gmt":"2020-01-14T14:47:53","slug":"registre-se-em-nossa-newsletter","status":"publish","type":"page","link":"https:\/\/www.visitcastelliromani.it\/pt-br\/registre-se-em-nossa-newsletter\/","title":{"rendered":"Registre-se em nossa newsletter"},"content":{"rendered":"<p>[vc_row][vc_column width=&#8221;2\/3&#8243;][vc_empty_space][vc_column_text]<div role=\"form\" class=\"wpcf7\" id=\"wpcf7-f4322-o1\" lang=\"it-IT\" dir=\"ltr\">\n<div class=\"screen-reader-response\"><p role=\"status\" aria-live=\"polite\" aria-atomic=\"true\"><\/p> <ul><\/ul><\/div>\n<form action=\"\/pt-br\/wp-json\/wp\/v2\/pages\/4336#wpcf7-f4322-o1\" method=\"post\" class=\"wpcf7-form init\" novalidate=\"novalidate\" data-status=\"init\">\n<div style=\"display: none;\">\n<input type=\"hidden\" name=\"_wpcf7\" value=\"4322\" \/>\n<input type=\"hidden\" name=\"_wpcf7_version\" value=\"5.4.2\" \/>\n<input type=\"hidden\" name=\"_wpcf7_locale\" value=\"it_IT\" \/>\n<input type=\"hidden\" name=\"_wpcf7_unit_tag\" value=\"wpcf7-f4322-o1\" \/>\n<input type=\"hidden\" name=\"_wpcf7_container_post\" value=\"0\" \/>\n<input type=\"hidden\" name=\"_wpcf7_posted_data_hash\" value=\"\" \/>\n<\/div>\n<div id=\"frm-main\">\n<div class=\"frm-main-sx\">\n<label> Endere\u00e7o de e-mail (mandatory)<br \/>\n    <span class=\"wpcf7-form-control-wrap your-email\"><input type=\"email\" name=\"your-email\" value=\"\" size=\"40\" class=\"wpcf7-form-control wpcf7-text wpcf7-email wpcf7-validates-as-required wpcf7-validates-as-email\" aria-required=\"true\" aria-invalid=\"false\" \/><\/span> <\/label><\/p>\n<p><label> Primeiro nome<br \/>\n   <span class=\"wpcf7-form-control-wrap your-name\"><input type=\"text\" name=\"your-name\" value=\"\" size=\"40\" class=\"wpcf7-form-control wpcf7-text\" aria-invalid=\"false\" \/><\/span> <\/label><\/p>\n<p><label> \u00daltimo nome<br \/>\n    <span class=\"wpcf7-form-control-wrap your-lastname\"><input type=\"text\" name=\"your-lastname\" value=\"\" size=\"40\" class=\"wpcf7-form-control wpcf7-text\" aria-invalid=\"false\" \/><\/span> <\/label><\/p>\n<p><label> Pa\u00eds<br \/>\n    <span class=\"wpcf7-form-control-wrap your-city\"><input type=\"text\" name=\"your-city\" value=\"\" size=\"40\" class=\"wpcf7-form-control wpcf7-text\" aria-invalid=\"false\" \/><\/span> <\/label><\/p>\n<\/div>\n<div class=\"frm-main-dx\">\n<p>\nAjude-nos a conhec\u00ea-lo melhor para que possamos enviar as not\u00edcias e ofertas mais adequadas: em que tipo de f\u00e9rias voc\u00ea est\u00e1 mais interessado?\n<\/p>\n<p><label><span class=\"wpcf7-form-control-wrap checkbox-checkbox-sport-vacanza-attiva\"><span class=\"wpcf7-form-control wpcf7-checkbox\"><span class=\"wpcf7-list-item first last\"><input type=\"checkbox\" name=\"checkbox-checkbox-sport-vacanza-attiva[]\" value=\"Esportes \/ f\u00e9rias ativas\" \/><span class=\"wpcf7-list-item-label\">Esportes \/ f\u00e9rias ativas<\/span><\/span><\/span><\/span><\/label><br \/>\n<label><span class=\"wpcf7-form-control-wrap checkbox-mangiare-bere\"><span class=\"wpcf7-form-control wpcf7-checkbox\"><span class=\"wpcf7-list-item first last\"><input type=\"checkbox\" name=\"checkbox-mangiare-bere[]\" value=\"Comida e vinho\" \/><span class=\"wpcf7-list-item-label\">Comida e vinho<\/span><\/span><\/span><\/span><\/label><br \/>\n<label><span class=\"wpcf7-form-control-wrap checkbox-culrura-eventi\"><span class=\"wpcf7-form-control wpcf7-checkbox\"><span class=\"wpcf7-list-item first last\"><input type=\"checkbox\" name=\"checkbox-culrura-eventi[]\" value=\"Cultura e Eventos\" \/><span class=\"wpcf7-list-item-label\">Cultura e Eventos<\/span><\/span><\/span><\/span> <\/label><br \/>\n<label><span class=\"wpcf7-form-control-wrap checkbox-vacanza-natura\"><span class=\"wpcf7-form-control wpcf7-checkbox\"><span class=\"wpcf7-list-item first last\"><input type=\"checkbox\" name=\"checkbox-vacanza-natura[]\" value=\"Natureza\" \/><span class=\"wpcf7-list-item-label\">Natureza<\/span><\/span><\/span><\/span><\/label><br \/>\n<label><span class=\"wpcf7-form-control-wrap checkbox-benessere-spa\"><span class=\"wpcf7-form-control wpcf7-checkbox\"><span class=\"wpcf7-list-item first last\"><input type=\"checkbox\" name=\"checkbox-benessere-spa[]\" value=\"Bem-estar \/ spa\" \/><span class=\"wpcf7-list-item-label\">Bem-estar \/ spa<\/span><\/span><\/span><\/span><\/label><br \/>\n<label><span class=\"wpcf7-form-control-wrap checkbox-vacanza-famiglia\"><span class=\"wpcf7-form-control wpcf7-checkbox\"><span class=\"wpcf7-list-item first last\"><input type=\"checkbox\" name=\"checkbox-vacanza-famiglia[]\" value=\"Fam\u00edlia\" \/><span class=\"wpcf7-list-item-label\">Fam\u00edlia<\/span><\/span><\/span><\/span><\/label><br \/>\n<label><span class=\"wpcf7-form-control-wrap checkbox-in-coppia-amici\"><span class=\"wpcf7-form-control wpcf7-checkbox\"><span class=\"wpcf7-list-item first last\"><input type=\"checkbox\" name=\"checkbox-in-coppia-amici[]\" value=\"Em dois \/ com amigos\" \/><span class=\"wpcf7-list-item-label\">Em dois \/ com amigos<\/span><\/span><\/span><\/span><\/label>\n<\/div>\n<\/div>\n<p><label class=\"privacy-policy-label\"> Pol\u00edtica de Privacidade<br \/>\n<span class=\"wpcf7-form-control-wrap checkbox-privacy\"><span class=\"wpcf7-form-control wpcf7-checkbox wpcf7-validates-as-required required\"><span class=\"wpcf7-list-item first last\"><input type=\"checkbox\" name=\"checkbox-privacy[]\" value=\"1\" \/><span class=\"wpcf7-list-item-label\">1<\/span><\/span><\/span><\/span> Depois de ler o <a title=\"privacy policy\" href=\"\/wp-content\/uploads\/docs\/privacy_uk.pdf\">informativo<\/a> sobre o processamento de meus dados pessoais, eu concordo em us\u00e1-los para enviar a newsletter<br \/>\n<\/label><\/p>\n<input type=\"hidden\" name=\"site\" value=\"PO\" class=\"wpcf7-form-control wpcf7-hidden\" \/>\n<input type=\"hidden\" name=\"your-subject\" value=\"newsletter-PO\" class=\"wpcf7-form-control wpcf7-hidden\" \/>\n<p><input type=\"submit\" value=\"Send\" class=\"wpcf7-form-control wpcf7-submit\" \/><\/p>\n<div class=\"wpcf7-response-output\" aria-hidden=\"true\"><\/div><\/form><\/div>[\/vc_column_text][\/vc_column][vc_column width=&#8221;1\/3&#8243; el_class=&#8221;newsletter-envelop-container&#8221;][vc_column_text]<\/p>\n<h3>Mantemos contato<\/h3>\n<p>[\/vc_column_text][vc_separator][vc_column_text]<\/p>\n<ul>\n<li>Vamos inspir\u00e1-lo com curiosidade e sugest\u00f5es para as suas f\u00e9rias, sem esquecer as ofertas criadas especialmente para voc\u00ea.<\/li>\n<li>N\u00e3o preencheremos sua caixa de e-mail.<\/li>\n<li>N\u00e3o enviaremos spam e n\u00e3o transferiremos seus dados para terceiros<\/li>\n<\/ul>\n<p>[\/vc_column_text][vc_raw_html]JTNDaSUyMHN0eWxlJTNEJTIyZm9udC1zaXplJTNBMjNyZW0lMjIlMjBjbGFzcyUzRCUyMmZhJTIwZmEtZW52ZWxvcGUlMjBmYS1lbnZlbG9wZS1wcmUlMjBuZXdsdHRyLWVudmVsb3AtZm9ybSUyMiUzRSUzQyUyRmklM0U=[\/vc_raw_html][\/vc_column][\/vc_row][vc_row][vc_column][\/vc_column][\/vc_row]<\/p>\n","protected":false},"excerpt":{"rendered":"<p>[vc_row][vc_column width=&#8221;2\/3&#8243;][vc_empty_space][vc_column_text][\/vc_column_text][\/vc_column][vc_column width=&#8221;1\/3&#8243; el_class=&#8221;newsletter-envelop-container&#8221;][vc_column_text] Mantemos contato [\/vc_column_text][vc_separator][vc_column_text] Vamos inspir\u00e1-lo com curiosidade e sugest\u00f5es para as suas f\u00e9rias, sem esquecer as ofertas criadas especialmente para voc\u00ea. N\u00e3o preencheremos sua caixa de e-mail. N\u00e3o enviaremos spam e n\u00e3o transferiremos seus dados para terceiros [\/vc_column_text][vc_raw_html]JTNDaSUyMHN0eWxlJTNEJTIyZm9udC1zaXplJTNBMjNyZW0lMjIlMjBjbGFzcyUzRCUyMmZhJTIwZmEtZW52ZWxvcGUlMjBmYS1lbnZlbG9wZS1wcmUlMjBuZXdsdHRyLWVudmVsb3AtZm9ybSUyMiUzRSUzQyUyRmklM0U=[\/vc_raw_html][\/vc_column][\/vc_row][vc_row][vc_column][\/vc_column][\/vc_row]<\/p>\n","protected":false},"author":1,"featured_media":6706,"parent":0,"menu_order":0,"comment_status":"closed","ping_status":"closed","template":"templates\/page-full-width.php","meta":{"footnotes":""},"_links":{"self":[{"href":"https:\/\/www.visitcastelliromani.it\/pt-br\/wp-json\/wp\/v2\/pages\/4336"}],"collection":[{"href":"https:\/\/www.visitcastelliromani.it\/pt-br\/wp-json\/wp\/v2\/pages"}],"about":[{"href":"https:\/\/www.visitcastelliromani.it\/pt-br\/wp-json\/wp\/v2\/types\/page"}],"author":[{"embeddable":true,"href":"https:\/\/www.visitcastelliromani.it\/pt-br\/wp-json\/wp\/v2\/users\/1"}],"replies":[{"embeddable":true,"href":"https:\/\/www.visitcastelliromani.it\/pt-br\/wp-json\/wp\/v2\/comments?post=4336"}],"version-history":[{"count":4,"href":"https:\/\/www.visitcastelliromani.it\/pt-br\/wp-json\/wp\/v2\/pages\/4336\/revisions"}],"predecessor-version":[{"id":6188,"href":"https:\/\/www.visitcastelliromani.it\/pt-br\/wp-json\/wp\/v2\/pages\/4336\/revisions\/6188"}],"wp:featuredmedia":[{"embeddable":true,"href":"https:\/\/www.visitcastelliromani.it\/pt-br\/wp-json\/wp\/v2\/media\/6706"}],"wp:attachment":[{"href":"https:\/\/www.visitcastelliromani.it\/pt-br\/wp-json\/wp\/v2\/media?parent=4336"}],"curies":[{"name":"wp","href":"https:\/\/api.w.org\/{rel}","templated":true}]}}