{"id":5690,"date":"2019-11-05T12:04:59","date_gmt":"2019-11-05T12:04:59","guid":{"rendered":"http:\/\/visitcastelliromani.valica.it\/?page_id=5690"},"modified":"2019-11-05T12:04:59","modified_gmt":"2019-11-05T12:04:59","slug":"castellinforma","status":"publish","type":"page","link":"https:\/\/www.visitcastelliromani.it\/fr\/castellinforma\/","title":{"rendered":"Castellinforma"},"content":{"rendered":"<p>\u00c9v\u00e9nements d&rsquo;int\u00e9r\u00eat culturel et social des Castelli Romani.<\/p>\n<div class=\"wprss_ajax\" data-id=\"rssc5c41ce49c\"><img loading=\"lazy\" decoding=\"async\" src=\"https:\/\/www.visitcastelliromani.it\/wp-content\/plugins\/wp-rss-retriever\/inc\/imgs\/ajax-loader.gif\" alt=\"Loading RSS Feed\" width=\"16\" height=\"16\"><\/div>\n<p><a href=\"http:\/\/www.castellinforma.it\/home\/event\/83011\">D\u00e9couvrez tous les rendez-vous ici\u00a0<\/a><\/p>\n<p><a href=\"https:\/\/www.facebook.com\/castellinforma\/\">Suivez nous sur<\/a><\/p>\n<p>&nbsp;<\/p>\n","protected":false},"excerpt":{"rendered":"<p>\u00c9v\u00e9nements d&rsquo;int\u00e9r\u00eat culturel et social des Castelli Romani. D\u00e9couvrez tous les rendez-vous ici\u00a0 Suivez nous sur &nbsp;<\/p>\n","protected":false},"author":10,"featured_media":4176,"parent":0,"menu_order":1,"comment_status":"closed","ping_status":"closed","template":"templates\/page-sidebar-right.php","meta":{"footnotes":""},"_links":{"self":[{"href":"https:\/\/www.visitcastelliromani.it\/fr\/wp-json\/wp\/v2\/pages\/5690"}],"collection":[{"href":"https:\/\/www.visitcastelliromani.it\/fr\/wp-json\/wp\/v2\/pages"}],"about":[{"href":"https:\/\/www.visitcastelliromani.it\/fr\/wp-json\/wp\/v2\/types\/page"}],"author":[{"embeddable":true,"href":"https:\/\/www.visitcastelliromani.it\/fr\/wp-json\/wp\/v2\/users\/10"}],"replies":[{"embeddable":true,"href":"https:\/\/www.visitcastelliromani.it\/fr\/wp-json\/wp\/v2\/comments?post=5690"}],"version-history":[{"count":1,"href":"https:\/\/www.visitcastelliromani.it\/fr\/wp-json\/wp\/v2\/pages\/5690\/revisions"}],"predecessor-version":[{"id":5692,"href":"https:\/\/www.visitcastelliromani.it\/fr\/wp-json\/wp\/v2\/pages\/5690\/revisions\/5692"}],"wp:featuredmedia":[{"embeddable":true,"href":"https:\/\/www.visitcastelliromani.it\/fr\/wp-json\/wp\/v2\/media\/4176"}],"wp:attachment":[{"href":"https:\/\/www.visitcastelliromani.it\/fr\/wp-json\/wp\/v2\/media?parent=5690"}],"curies":[{"name":"wp","href":"https:\/\/api.w.org\/{rel}","templated":true}]}}