{"id":5381,"date":"2019-08-22T13:25:35","date_gmt":"2019-08-22T13:25:35","guid":{"rendered":"http:\/\/visitcastelliromani.valica.it\/?page_id=5381"},"modified":"2023-07-24T10:07:19","modified_gmt":"2023-07-24T10:07:19","slug":"nourriture-et-vin","status":"publish","type":"page","link":"https:\/\/www.visitcastelliromani.it\/fr\/nourriture-et-vin\/","title":{"rendered":"Nourriture et vin"},"content":{"rendered":"<h4>Dans cette section, vous pouvez t\u00e9l\u00e9charger la guide du voyageur apr\u00e8s avoir rempli le formulaire::<br \/>\n\u00ab\u00a0Guida al gusto\u00a0\u00bb &#8211; \u00ab\u00a0The food &amp; wine Traveller&rsquo;s guide\u00a0\u00bb (7 MB)<\/h4>\n<div role=\"form\" class=\"wpcf7\" id=\"wpcf7-f5968-o1\" lang=\"it-IT\" dir=\"ltr\">\n<div class=\"screen-reader-response\">\n<p role=\"status\" aria-live=\"polite\" aria-atomic=\"true\"><\/p> <ul><\/ul>\n<\/div>\n<form action=\"\/fr\/wp-json\/wp\/v2\/pages\/5381#wpcf7-f5968-o1\" method=\"post\" class=\"wpcf7-form init\" novalidate=\"novalidate\" data-status=\"init\">\n<label class=\"ebd_input\"><input type=\"hidden\" name=\"ebd_downloads[]\" value=\"4071|Guida al Gusto - The food &amp; Wine traveller's guide (7 MB)\"> <\/label><input type=\"hidden\" class=\"ebd_setting\" name=\"ebd_settings[]\" value=\"title|Guida al Gusto - The food &amp; Wine traveller's guide (7 MB)\"><input type=\"hidden\" class=\"ebd_setting\" name=\"ebd_settings[]\" value=\"delivered_as|both\"><input type=\"hidden\" class=\"ebd_setting\" name=\"ebd_settings[]\" value=\"checked|checked\"><input type=\"hidden\" class=\"ebd_setting\" name=\"ebd_settings[]\" value=\"hide_form|no\"><input type=\"hidden\" class=\"ebd_setting\" name=\"ebd_settings[]\" value=\"radio|no\"><input type=\"hidden\" class=\"ebd_setting\" name=\"ebd_settings[]\" value=\"link_format|_blank\"><input type=\"hidden\" class=\"ebd_setting\" name=\"ebd_settings[]\" value=\"file_thumbnail|no\"><input type=\"hidden\" class=\"ebd_setting\" name=\"ebd_settings[]\" value=\"item_id|4\"><input type=\"hidden\" class=\"ebd_setting\" name=\"ebd_settings[]\" value=\"form_id|wpcf7-f5968-o1\"><div style=\"display: none;\">\n<input type=\"hidden\" name=\"_wpcf7\" value=\"5968\">\n<input type=\"hidden\" name=\"_wpcf7_version\" value=\"5.4.2\">\n<input type=\"hidden\" name=\"_wpcf7_locale\" value=\"it_IT\">\n<input type=\"hidden\" name=\"_wpcf7_unit_tag\" value=\"wpcf7-f5968-o1\">\n<input type=\"hidden\" name=\"_wpcf7_container_post\" value=\"0\">\n<input type=\"hidden\" name=\"_wpcf7_posted_data_hash\" value=\"\">\n<\/div>\n<p><label class=\"module-first-element\"> Email (obligatoire)<br>\n    <span class=\"wpcf7-form-control-wrap your-email\"><input type=\"email\" name=\"your-email\" value=\"\" size=\"40\" class=\"wpcf7-form-control wpcf7-text wpcf7-email wpcf7-validates-as-required wpcf7-validates-as-email\" aria-required=\"true\" aria-invalid=\"false\"><\/span> <\/label><\/p>\n<p><label> Prenom  (obligatoire)<br>\n    <span class=\"wpcf7-form-control-wrap your-name\"><input type=\"text\" name=\"your-name\" value=\"\" size=\"40\" class=\"wpcf7-form-control wpcf7-text wpcf7-validates-as-required\" aria-required=\"true\" aria-invalid=\"false\"><\/span> <\/label><\/p>\n<p><label> Nom (obligatoire)<br>\n    <span class=\"wpcf7-form-control-wrap your-lastname\"><input type=\"text\" name=\"your-lastname\" value=\"\" size=\"40\" class=\"wpcf7-form-control wpcf7-text wpcf7-validates-as-required\" aria-required=\"true\" aria-invalid=\"false\"><\/span> <\/label><\/p>\n<p><label> Pays (obligatoire)<br>\n    <span class=\"wpcf7-form-control-wrap your-city\"><input type=\"text\" name=\"your-city\" value=\"\" size=\"40\" class=\"wpcf7-form-control wpcf7-text wpcf7-validates-as-required\" aria-required=\"true\" aria-invalid=\"false\"><\/span> <\/label><\/p>\n<p><label class=\"privacy-holder privacy-policy-label\"> Politique de confidentialit&eacute;<br>\n<span class=\"wpcf7-form-control-wrap checkbox-privacy\"><span class=\"wpcf7-form-control wpcf7-checkbox wpcf7-validates-as-required required\"><span class=\"wpcf7-list-item first last\"><input type=\"checkbox\" name=\"checkbox-privacy[]\" value=\"1\"><span class=\"wpcf7-list-item-label\">1<\/span><\/span><\/span><\/span>  Apr&egrave;s avoir lu les informations sur le <a title=\"privacy policy\" href=\"\/wp-content\/uploads\/docs\/privacy_uk.pdf\">traitement<\/a> de mes donn&eacute;es personnelles, je consens &agrave; leur utilisation<br>\n<span class=\"checkmark\"><\/span><br>\n<\/label><\/p>\n<input type=\"hidden\" name=\"your-subject\" value=\"download-form-FR\" class=\"wpcf7-form-control wpcf7-hidden\">\n<p><input type=\"submit\" value=\"Send request\" class=\"wpcf7-form-control wpcf7-submit\"><\/p>\n<div class=\"wpcf7-response-output\" aria-hidden=\"true\"><\/div>\n<\/form>\n<\/div>\n\n","protected":false},"excerpt":{"rendered":"<p>Dans cette section, vous pouvez t\u00e9l\u00e9charger la guide du voyageur apr\u00e8s avoir rempli le formulaire:: \u00ab\u00a0Guida al gusto\u00a0\u00bb &#8211; \u00ab\u00a0The food &amp; wine Traveller&rsquo;s guide\u00a0\u00bb (7 MB)<\/p>\n","protected":false},"author":1,"featured_media":4733,"parent":0,"menu_order":0,"comment_status":"closed","ping_status":"closed","template":"","meta":{"footnotes":""},"_links":{"self":[{"href":"https:\/\/www.visitcastelliromani.it\/fr\/wp-json\/wp\/v2\/pages\/5381"}],"collection":[{"href":"https:\/\/www.visitcastelliromani.it\/fr\/wp-json\/wp\/v2\/pages"}],"about":[{"href":"https:\/\/www.visitcastelliromani.it\/fr\/wp-json\/wp\/v2\/types\/page"}],"author":[{"embeddable":true,"href":"https:\/\/www.visitcastelliromani.it\/fr\/wp-json\/wp\/v2\/users\/1"}],"replies":[{"embeddable":true,"href":"https:\/\/www.visitcastelliromani.it\/fr\/wp-json\/wp\/v2\/comments?post=5381"}],"version-history":[{"count":7,"href":"https:\/\/www.visitcastelliromani.it\/fr\/wp-json\/wp\/v2\/pages\/5381\/revisions"}],"predecessor-version":[{"id":22051,"href":"https:\/\/www.visitcastelliromani.it\/fr\/wp-json\/wp\/v2\/pages\/5381\/revisions\/22051"}],"wp:featuredmedia":[{"embeddable":true,"href":"https:\/\/www.visitcastelliromani.it\/fr\/wp-json\/wp\/v2\/media\/4733"}],"wp:attachment":[{"href":"https:\/\/www.visitcastelliromani.it\/fr\/wp-json\/wp\/v2\/media?parent=5381"}],"curies":[{"name":"wp","href":"https:\/\/api.w.org\/{rel}","templated":true}]}}