{"id":4327,"date":"2019-06-10T15:46:22","date_gmt":"2019-06-10T15:46:22","guid":{"rendered":"http:\/\/visitcastelliromani.valica.it\/?page_id=4327"},"modified":"2020-01-14T14:47:21","modified_gmt":"2020-01-14T14:47:21","slug":"registrieren-sie-sich-fuer-unseren-newsletter","status":"publish","type":"page","link":"https:\/\/www.visitcastelliromani.it\/de\/registrieren-sie-sich-fuer-unseren-newsletter\/","title":{"rendered":"Registrieren Sie sich f\u00fcr unseren Newsletter"},"content":{"rendered":"<p>[vc_row][vc_column width=&#8220;2\/3&#8243;][vc_empty_space][vc_column_text]<div role=\"form\" class=\"wpcf7\" id=\"wpcf7-f4320-o1\" lang=\"it-IT\" dir=\"ltr\">\n<div class=\"screen-reader-response\"><p role=\"status\" aria-live=\"polite\" aria-atomic=\"true\"><\/p> <ul><\/ul><\/div>\n<form action=\"\/de\/wp-json\/wp\/v2\/pages\/4327#wpcf7-f4320-o1\" method=\"post\" class=\"wpcf7-form init\" novalidate=\"novalidate\" data-status=\"init\">\n<div style=\"display: none;\">\n<input type=\"hidden\" name=\"_wpcf7\" value=\"4320\" \/>\n<input type=\"hidden\" name=\"_wpcf7_version\" value=\"5.4.2\" \/>\n<input type=\"hidden\" name=\"_wpcf7_locale\" value=\"it_IT\" \/>\n<input type=\"hidden\" name=\"_wpcf7_unit_tag\" value=\"wpcf7-f4320-o1\" \/>\n<input type=\"hidden\" name=\"_wpcf7_container_post\" value=\"0\" \/>\n<input type=\"hidden\" name=\"_wpcf7_posted_data_hash\" value=\"\" \/>\n<\/div>\n<div id=\"frm-main\">\n<div class=\"frm-main-sx\">\n<label> Email (Pflichtfeld)<br \/>\n    <span class=\"wpcf7-form-control-wrap your-email\"><input type=\"email\" name=\"your-email\" value=\"\" size=\"40\" class=\"wpcf7-form-control wpcf7-text wpcf7-email wpcf7-validates-as-required wpcf7-validates-as-email\" aria-required=\"true\" aria-invalid=\"false\" \/><\/span> <\/label><\/p>\n<p><label> Vorname<br \/>\n   <span class=\"wpcf7-form-control-wrap your-name\"><input type=\"text\" name=\"your-name\" value=\"\" size=\"40\" class=\"wpcf7-form-control wpcf7-text\" aria-invalid=\"false\" \/><\/span> <\/label><\/p>\n<p><label> Nachname<br \/>\n    <span class=\"wpcf7-form-control-wrap your-lastname\"><input type=\"text\" name=\"your-lastname\" value=\"\" size=\"40\" class=\"wpcf7-form-control wpcf7-text\" aria-invalid=\"false\" \/><\/span> <\/label><\/p>\n<p><label> Land<br \/>\n    <span class=\"wpcf7-form-control-wrap your-city\"><input type=\"text\" name=\"your-city\" value=\"\" size=\"40\" class=\"wpcf7-form-control wpcf7-text\" aria-invalid=\"false\" \/><\/span> <\/label><\/p>\n<\/div>\n<div class=\"frm-main-dx\">\n<p>\nHelfen Sie uns, Sie besser kennenzulernen, damit wir Ihnen die passendsten Neuigkeiten und Angebote zusenden k\u00f6nnen: Welche Art von Urlaub interessiert Sie am meisten?\n<\/p>\n<p><label><span class=\"wpcf7-form-control-wrap checkbox-checkbox-sport-vacanza-attiva\"><span class=\"wpcf7-form-control wpcf7-checkbox\"><span class=\"wpcf7-list-item first last\"><input type=\"checkbox\" name=\"checkbox-checkbox-sport-vacanza-attiva[]\" value=\"Sport \/ Aktivurlaub\" \/><span class=\"wpcf7-list-item-label\">Sport \/ Aktivurlaub<\/span><\/span><\/span><\/span><\/label><br \/>\n<label><span class=\"wpcf7-form-control-wrap checkbox-mangiare-bere\"><span class=\"wpcf7-form-control wpcf7-checkbox\"><span class=\"wpcf7-list-item first last\"><input type=\"checkbox\" name=\"checkbox-mangiare-bere[]\" value=\"Essen &amp; Wein\" \/><span class=\"wpcf7-list-item-label\">Essen &amp; Wein<\/span><\/span><\/span><\/span><\/label><br \/>\n<label><span class=\"wpcf7-form-control-wrap checkbox-culrura-eventi\"><span class=\"wpcf7-form-control wpcf7-checkbox\"><span class=\"wpcf7-list-item first last\"><input type=\"checkbox\" name=\"checkbox-culrura-eventi[]\" value=\"Kultur &amp; Veranstaltungen\" \/><span class=\"wpcf7-list-item-label\">Kultur &amp; Veranstaltungen<\/span><\/span><\/span><\/span> <\/label><br \/>\n<label><span class=\"wpcf7-form-control-wrap checkbox-vacanza-natura\"><span class=\"wpcf7-form-control wpcf7-checkbox\"><span class=\"wpcf7-list-item first last\"><input type=\"checkbox\" name=\"checkbox-vacanza-natura[]\" value=\"Natur\" \/><span class=\"wpcf7-list-item-label\">Natur<\/span><\/span><\/span><\/span><\/label><br \/>\n<label><span class=\"wpcf7-form-control-wrap checkbox-benessere-spa\"><span class=\"wpcf7-form-control wpcf7-checkbox\"><span class=\"wpcf7-list-item first last\"><input type=\"checkbox\" name=\"checkbox-benessere-spa[]\" value=\"Wellness \/ spa\" \/><span class=\"wpcf7-list-item-label\">Wellness \/ spa<\/span><\/span><\/span><\/span><\/label><br \/>\n<label><span class=\"wpcf7-form-control-wrap checkbox-vacanza-famiglia\"><span class=\"wpcf7-form-control wpcf7-checkbox\"><span class=\"wpcf7-list-item first last\"><input type=\"checkbox\" name=\"checkbox-vacanza-famiglia[]\" value=\"Familie\" \/><span class=\"wpcf7-list-item-label\">Familie<\/span><\/span><\/span><\/span><\/label><br \/>\n<label><span class=\"wpcf7-form-control-wrap checkbox-in-coppia-amici\"><span class=\"wpcf7-form-control wpcf7-checkbox\"><span class=\"wpcf7-list-item first last\"><input type=\"checkbox\" name=\"checkbox-in-coppia-amici[]\" value=\"Zu zweit \/ mit Freunden\" \/><span class=\"wpcf7-list-item-label\">Zu zweit \/ mit Freunden<\/span><\/span><\/span><\/span><\/label>\n<\/div>\n<\/div>\n<p><label class=\"privacy-policy-label\"> Datenschutz-Bestimmungen<br \/>\n<span class=\"wpcf7-form-control-wrap checkbox-privacy\"><span class=\"wpcf7-form-control wpcf7-checkbox wpcf7-validates-as-required required\"><span class=\"wpcf7-list-item first last\"><input type=\"checkbox\" name=\"checkbox-privacy[]\" value=\"1\" \/><span class=\"wpcf7-list-item-label\">1<\/span><\/span><\/span><\/span> Nachdem <a title=\"privacy policy\" href=\"\/wp-content\/uploads\/docs\/privacy_uk.pdf\">ich den Hinweis zur Verarbeitung<\/a> meiner personenbezogenen Daten gelesen habe, erkl\u00e4re ich mich mit deren Verwendung zum Versand des Newsletters einverstanden<br \/>\n<\/label><\/p>\n<input type=\"hidden\" name=\"site\" value=\"DE\" class=\"wpcf7-form-control wpcf7-hidden\" \/>\n<input type=\"hidden\" name=\"your-subject\" value=\"newsletter-DE\" class=\"wpcf7-form-control wpcf7-hidden\" \/>\n<p><input type=\"submit\" value=\"Send\" class=\"wpcf7-form-control wpcf7-submit\" \/><\/p>\n<div class=\"wpcf7-response-output\" aria-hidden=\"true\"><\/div><\/form><\/div>[\/vc_column_text][\/vc_column][vc_column width=&#8220;1\/3&#8243; el_class=&#8220;newsletter-envelop-container&#8220;][vc_column_text]<\/p>\n<h3>Wir bleiben in Kontakt<\/h3>\n<p>[\/vc_column_text][vc_separator][vc_column_text]<\/p>\n<ul>\n<li>Wir werden Sie mit Neugier und Anregungen f\u00fcr Ihren Urlaub begeistern, ohne die speziell f\u00fcr Sie zusammengestellten Angebote zu vergessen.<\/li>\n<li>Wir werden Ihr E-Mail-Feld nicht f\u00fcllen.<\/li>\n<li>Wir senden Ihnen keine Spam-Mails und geben Ihre Daten nicht an Dritte weiter<\/li>\n<\/ul>\n<p>[\/vc_column_text][vc_raw_html]JTNDaSUyMHN0eWxlJTNEJTIyZm9udC1zaXplJTNBMjNyZW0lMjIlMjBjbGFzcyUzRCUyMmZhJTIwZmEtZW52ZWxvcGUlMjBmYS1lbnZlbG9wZS1wcmUlMjBuZXdsdHRyLWVudmVsb3AtZm9ybSUyMiUzRSUzQyUyRmklM0U=[\/vc_raw_html][\/vc_column][\/vc_row][vc_row][vc_column][\/vc_column][\/vc_row]<\/p>\n","protected":false},"excerpt":{"rendered":"<p>[vc_row][vc_column width=&#8220;2\/3&#8243;][vc_empty_space][vc_column_text][\/vc_column_text][\/vc_column][vc_column width=&#8220;1\/3&#8243; el_class=&#8220;newsletter-envelop-container&#8220;][vc_column_text] Wir bleiben in Kontakt [\/vc_column_text][vc_separator][vc_column_text] Wir werden Sie mit Neugier und Anregungen f\u00fcr Ihren Urlaub begeistern, ohne die speziell f\u00fcr Sie zusammengestellten Angebote zu vergessen. Wir werden Ihr E-Mail-Feld nicht f\u00fcllen. Wir senden Ihnen keine Spam-Mails und geben Ihre Daten nicht an Dritte weiter [\/vc_column_text][vc_raw_html]JTNDaSUyMHN0eWxlJTNEJTIyZm9udC1zaXplJTNBMjNyZW0lMjIlMjBjbGFzcyUzRCUyMmZhJTIwZmEtZW52ZWxvcGUlMjBmYS1lbnZlbG9wZS1wcmUlMjBuZXdsdHRyLWVudmVsb3AtZm9ybSUyMiUzRSUzQyUyRmklM0U=[\/vc_raw_html][\/vc_column][\/vc_row][vc_row][vc_column][\/vc_column][\/vc_row]<\/p>\n","protected":false},"author":1,"featured_media":6705,"parent":0,"menu_order":0,"comment_status":"closed","ping_status":"closed","template":"templates\/page-full-width.php","meta":{"footnotes":""},"_links":{"self":[{"href":"https:\/\/www.visitcastelliromani.it\/de\/wp-json\/wp\/v2\/pages\/4327"}],"collection":[{"href":"https:\/\/www.visitcastelliromani.it\/de\/wp-json\/wp\/v2\/pages"}],"about":[{"href":"https:\/\/www.visitcastelliromani.it\/de\/wp-json\/wp\/v2\/types\/page"}],"author":[{"embeddable":true,"href":"https:\/\/www.visitcastelliromani.it\/de\/wp-json\/wp\/v2\/users\/1"}],"replies":[{"embeddable":true,"href":"https:\/\/www.visitcastelliromani.it\/de\/wp-json\/wp\/v2\/comments?post=4327"}],"version-history":[{"count":4,"href":"https:\/\/www.visitcastelliromani.it\/de\/wp-json\/wp\/v2\/pages\/4327\/revisions"}],"predecessor-version":[{"id":6187,"href":"https:\/\/www.visitcastelliromani.it\/de\/wp-json\/wp\/v2\/pages\/4327\/revisions\/6187"}],"wp:featuredmedia":[{"embeddable":true,"href":"https:\/\/www.visitcastelliromani.it\/de\/wp-json\/wp\/v2\/media\/6705"}],"wp:attachment":[{"href":"https:\/\/www.visitcastelliromani.it\/de\/wp-json\/wp\/v2\/media?parent=4327"}],"curies":[{"name":"wp","href":"https:\/\/api.w.org\/{rel}","templated":true}]}}